{"id":148,"date":"2022-06-09T20:07:48","date_gmt":"2022-06-09T18:07:48","guid":{"rendered":"http:\/\/addcube.art\/store\/?page_id=148"},"modified":"2022-09-06T10:13:56","modified_gmt":"2022-09-06T08:13:56","slug":"https-addcube-art-store-index-php-asp-products-penezni-dar","status":"publish","type":"page","link":"https:\/\/addcube.art\/store\/index.php\/https-addcube-art-store-index-php-asp-products-penezni-dar\/","title":{"rendered":"Podpo\u0159te n\u00e1s pros\u00edm"},"content":{"rendered":"<div class=\"wp-block-columns is-layout-flex wp-container-core-columns-is-layout-1 wp-block-columns-is-layout-flex\"><div class=\"wp-block-column is-layout-flow wp-block-column-is-layout-flow\"><figure class=\"wp-block-image size-large\"><a href=\"https:\/\/addcube.art\/store\/wp-content\/uploads\/2022\/08\/Ram-1.jpg\"><img loading=\"lazy\" decoding=\"async\" width=\"1024\" height=\"544\" src=\"https:\/\/addcube.art\/store\/wp-content\/uploads\/2022\/08\/Ram-1-1024x544.jpg\" alt=\"\" class=\"wp-image-416\" srcset=\"https:\/\/addcube.art\/store\/wp-content\/uploads\/2022\/08\/Ram-1-1024x544.jpg 1024w, https:\/\/addcube.art\/store\/wp-content\/uploads\/2022\/08\/Ram-1-300x159.jpg 300w, https:\/\/addcube.art\/store\/wp-content\/uploads\/2022\/08\/Ram-1-768x408.jpg 768w, https:\/\/addcube.art\/store\/wp-content\/uploads\/2022\/08\/Ram-1-350x186.jpg 350w, https:\/\/addcube.art\/store\/wp-content\/uploads\/2022\/08\/Ram-1.jpg 1154w\" sizes=\"(max-width: 767px) 89vw, (max-width: 1000px) 54vw, (max-width: 1071px) 543px, 580px\" \/><\/a><\/figure><\/div>\n\n<div class=\"wp-block-column is-layout-flow wp-block-column-is-layout-flow\"><div class=\"wp-block-image\"><figure class=\"aligncenter size-full is-resized\"><a href=\"https:\/\/addcube.art\/store\/wp-content\/uploads\/2022\/08\/Kostky-2.jpg\"><img loading=\"lazy\" decoding=\"async\" src=\"https:\/\/addcube.art\/store\/wp-content\/uploads\/2022\/08\/Kostky-2.jpg\" alt=\"\" class=\"wp-image-398\" width=\"107\" height=\"126\" srcset=\"https:\/\/addcube.art\/store\/wp-content\/uploads\/2022\/08\/Kostky-2.jpg 555w, https:\/\/addcube.art\/store\/wp-content\/uploads\/2022\/08\/Kostky-2-254x300.jpg 254w, https:\/\/addcube.art\/store\/wp-content\/uploads\/2022\/08\/Kostky-2-350x414.jpg 350w\" sizes=\"(max-width: 107px) 100vw, 107px\" \/><\/a><\/figure><\/div><\/div>\n\n<div class=\"wp-block-column is-layout-flow wp-block-column-is-layout-flow\"><figure class=\"wp-block-image size-large\"><a href=\"https:\/\/addcube.art\/store\/wp-content\/uploads\/2022\/08\/Pole-s-koliky-1.jpg\"><img loading=\"lazy\" decoding=\"async\" width=\"1024\" height=\"523\" src=\"https:\/\/addcube.art\/store\/wp-content\/uploads\/2022\/08\/Pole-s-koliky-1-1024x523.jpg\" alt=\"\" class=\"wp-image-404\" srcset=\"https:\/\/addcube.art\/store\/wp-content\/uploads\/2022\/08\/Pole-s-koliky-1-1024x523.jpg 1024w, https:\/\/addcube.art\/store\/wp-content\/uploads\/2022\/08\/Pole-s-koliky-1-300x153.jpg 300w, https:\/\/addcube.art\/store\/wp-content\/uploads\/2022\/08\/Pole-s-koliky-1-768x392.jpg 768w, https:\/\/addcube.art\/store\/wp-content\/uploads\/2022\/08\/Pole-s-koliky-1-350x179.jpg 350w, https:\/\/addcube.art\/store\/wp-content\/uploads\/2022\/08\/Pole-s-koliky-1.jpg 1173w\" sizes=\"(max-width: 767px) 89vw, (max-width: 1000px) 54vw, (max-width: 1071px) 543px, 580px\" \/><\/a><\/figure><\/div><\/div><p>Na stavbu obou cubevel\u016f je pot\u0159eba hodn\u011b a hodn\u011b d\u0159ev\u011bn\u00fdch kosti\u010dek, desek, kol\u00ed\u010dk\u016f, tr\u00e1mk\u016f a spojovac\u00edho materi\u00e1lu. Za finan\u010dn\u00ed dary po\u0159\u00edd\u00edme mnohem v\u00edce materi\u00e1lu, proto\u017ee dar nepodl\u00e9h\u00e1 zdan\u011bn\u00ed. Nav\u00edc jsou ve\u0161ker\u00e9 pr\u00e1ce s t\u00edmto spojen\u00e9 velmi \u010dasov\u011b n\u00e1ro\u010dn\u00e9. Budeme vd\u011b\u010dni za jak\u00fdkoliv finan\u010dn\u00ed dar. <\/p><ul><li>\u010c\u00e1stku m\u016f\u017eete poslat p\u0159\u00edmo na n\u00e1\u0161 \u00fa\u010det. Zde jsou \u010d\u00edsla \u00fa\u010dt\u016f: <\/li><li>B\u011b\u017en\u00fd \u00fa\u010det CZK: 2802033719\/2010 &#8211; pro platby v K\u010d<\/li><li>B\u011b\u017en\u00fd \u016f\u010det EUR: 2302033720\/2010 &#8211; pro platby v Eur<\/li><li>Po obdr\u017een\u00ed finan\u010dn\u00edho daru V\u00e1m vystav\u00edme potvrzen\u00ed pro da\u0148ov\u00e9 \u00fa\u010dely.<\/li><\/ul><p><strong>Abychom v\u00e1m mohli vystavit darovac\u00ed smlouvu (pro jednotlivce i firmy), klikn\u011bte na tla\u010d\u00edtko formul\u00e1\u0159, a vypl\u0148te pros\u00edm pot\u0159ebn\u00e9 \u00fadaje.<\/strong><\/p><div class=\"wp-block-buttons is-layout-flex wp-block-buttons-is-layout-flex\"><div class=\"wp-block-button\"><a class=\"wp-block-button__link has-vivid-cyan-blue-background-color has-background\" href=\"https:\/\/addcube.art\/store\/index.php\/produkt\/pole-s-koliky\/\" target=\"_blank\" rel=\"noreferrer noopener\">FORMUL\u00c1\u0158 PRO DAROVAC\u00cd SMLOUVU<\/a><\/div><\/div><p><strong>Pokud d\u00e1v\u00e1te p\u0159ednost finan\u010dn\u00edm dar\u016fm na konkr\u00e9tn\u00ed \u00fa\u010del, zde si m\u016f\u017eete zvolit:<\/strong><\/p><div class=\"wp-block-columns is-layout-flex wp-container-core-columns-is-layout-2 wp-block-columns-is-layout-flex\"><div class=\"wp-block-column is-layout-flow wp-block-column-is-layout-flow\"><figure class=\"wp-block-image size-full\"><a href=\"https:\/\/addcube.art\/store\/wp-content\/uploads\/2022\/08\/Kostky-2.jpg\"><img loading=\"lazy\" decoding=\"async\" width=\"555\" height=\"656\" src=\"https:\/\/addcube.art\/store\/wp-content\/uploads\/2022\/08\/Kostky-2.jpg\" alt=\"\" class=\"wp-image-398\" srcset=\"https:\/\/addcube.art\/store\/wp-content\/uploads\/2022\/08\/Kostky-2.jpg 555w, https:\/\/addcube.art\/store\/wp-content\/uploads\/2022\/08\/Kostky-2-254x300.jpg 254w, https:\/\/addcube.art\/store\/wp-content\/uploads\/2022\/08\/Kostky-2-350x414.jpg 350w\" sizes=\"(max-width: 555px) 100vw, 555px\" \/><\/a><\/figure>\n\n<ul><li>pot\u0159eba:  268 000 ks <\/li><li>cena za 100ks &#8211; 389K\u010d<\/li><\/ul>\n\n<div class=\"wp-block-buttons is-layout-flex wp-block-buttons-is-layout-flex\"><div class=\"wp-block-button\"><a class=\"wp-block-button__link has-black-color has-text-color has-background\" href=\"https:\/\/addcube.art\/store\/index.php\/produkt\/kostky\/?preview=true\" style=\"background:linear-gradient(135deg,rgb(250,205,0) 0%,rgb(255,105,0) 100%)\" target=\"_blank\" rel=\"noreferrer noopener\">Darovat na kostky<\/a><\/div><\/div><\/div>\n\n<div class=\"wp-block-column is-layout-flow wp-block-column-is-layout-flow\"><figure class=\"wp-block-image size-large\"><a href=\"https:\/\/addcube.art\/store\/wp-content\/uploads\/2022\/08\/Ram-1.jpg\"><img loading=\"lazy\" decoding=\"async\" width=\"1024\" height=\"544\" src=\"https:\/\/addcube.art\/store\/wp-content\/uploads\/2022\/08\/Ram-1-1024x544.jpg\" alt=\"\" class=\"wp-image-416\" srcset=\"https:\/\/addcube.art\/store\/wp-content\/uploads\/2022\/08\/Ram-1-1024x544.jpg 1024w, https:\/\/addcube.art\/store\/wp-content\/uploads\/2022\/08\/Ram-1-300x159.jpg 300w, https:\/\/addcube.art\/store\/wp-content\/uploads\/2022\/08\/Ram-1-768x408.jpg 768w, https:\/\/addcube.art\/store\/wp-content\/uploads\/2022\/08\/Ram-1-350x186.jpg 350w, https:\/\/addcube.art\/store\/wp-content\/uploads\/2022\/08\/Ram-1.jpg 1154w\" sizes=\"(max-width: 767px) 89vw, (max-width: 1000px) 54vw, (max-width: 1071px) 543px, 580px\" \/><\/a><\/figure>\n\n<ul><li>pot\u0159eba 100 sk<\/li><li>cena za 1 ks &#8211; 793K\u010d<\/li><\/ul>\n\n<div class=\"wp-block-buttons is-layout-flex wp-block-buttons-is-layout-flex\"><div class=\"wp-block-button\"><a class=\"wp-block-button__link has-black-color has-electric-grass-gradient-background has-text-color has-background\" href=\"https:\/\/addcube.art\/store\/index.php\/produkt\/financni-dar-na-ramy-a-tramky\/\" target=\"_blank\" rel=\"noreferrer noopener\">Darovat na r\u00e1mky<\/a><\/div><\/div><\/div>\n\n<div class=\"wp-block-column is-layout-flow wp-block-column-is-layout-flow\"><figure class=\"wp-block-image size-large\"><a href=\"https:\/\/addcube.art\/store\/wp-content\/uploads\/2022\/08\/Pole-s-koliky-1.jpg\"><img loading=\"lazy\" decoding=\"async\" width=\"1024\" height=\"523\" src=\"https:\/\/addcube.art\/store\/wp-content\/uploads\/2022\/08\/Pole-s-koliky-1-1024x523.jpg\" alt=\"\" class=\"wp-image-404\" srcset=\"https:\/\/addcube.art\/store\/wp-content\/uploads\/2022\/08\/Pole-s-koliky-1-1024x523.jpg 1024w, https:\/\/addcube.art\/store\/wp-content\/uploads\/2022\/08\/Pole-s-koliky-1-300x153.jpg 300w, https:\/\/addcube.art\/store\/wp-content\/uploads\/2022\/08\/Pole-s-koliky-1-768x392.jpg 768w, https:\/\/addcube.art\/store\/wp-content\/uploads\/2022\/08\/Pole-s-koliky-1-350x179.jpg 350w, https:\/\/addcube.art\/store\/wp-content\/uploads\/2022\/08\/Pole-s-koliky-1.jpg 1173w\" sizes=\"(max-width: 767px) 89vw, (max-width: 1000px) 54vw, (max-width: 1071px) 543px, 580px\" \/><\/a><\/figure>\n\n<ul><li>pot\u0159eba: 380 ks<\/li><li>cena za 1ks &#8211; 1117K\u010d<\/li><\/ul>\n\n<div class=\"wp-block-buttons is-layout-flex wp-block-buttons-is-layout-flex\"><div class=\"wp-block-button\"><a class=\"wp-block-button__link has-black-color has-text-color has-background\" href=\"https:\/\/addcube.art\/store\/index.php\/produkt\/pole-s-koliky\/?preview=true\" style=\"background:linear-gradient(135deg,rgb(6,147,227) 23%,rgb(155,81,224) 100%)\" target=\"_blank\" rel=\"noreferrer noopener\">Darovat na pole<\/a><\/div><\/div><\/div><\/div><div class=\"wp-block-buttons is-layout-flex wp-block-buttons-is-layout-flex\"><\/div><p><\/p>","protected":false},"excerpt":{"rendered":"<p>Na stavbu obou cubevel\u016f je pot\u0159eba hodn\u011b a hodn\u011b d\u0159ev\u011bn\u00fdch kosti\u010dek, desek, kol\u00ed\u010dk\u016f, tr\u00e1mk\u016f a spojovac\u00edho materi\u00e1lu. Za finan\u010dn\u00ed dary po\u0159\u00edd\u00edme mnohem v\u00edce materi\u00e1lu, proto\u017ee dar nepodl\u00e9h\u00e1 zdan\u011bn\u00ed. Nav\u00edc jsou ve\u0161ker\u00e9 pr\u00e1ce s t\u00edmto spojen\u00e9 velmi \u010dasov\u011b n\u00e1ro\u010dn\u00e9. Budeme vd\u011b\u010dni za jak\u00fdkoliv finan\u010dn\u00ed dar. \u010c\u00e1stku m\u016f\u017eete poslat p\u0159\u00edmo na n\u00e1\u0161 \u00fa\u010det. Zde jsou \u010d\u00edsla \u00fa\u010dt\u016f: &hellip; <\/p>\n<p class=\"link-more\"><a href=\"https:\/\/addcube.art\/store\/index.php\/https-addcube-art-store-index-php-asp-products-penezni-dar\/\" class=\"more-link\">Pokra\u010dovat ve \u010dten\u00ed<span class=\"screen-reader-text\"> &#8222;Podpo\u0159te n\u00e1s pros\u00edm&#8220;<\/span><\/a><\/p>\n","protected":false},"author":1,"featured_media":0,"parent":0,"menu_order":0,"comment_status":"closed","ping_status":"closed","template":"","meta":{"footnotes":""},"_links":{"self":[{"href":"https:\/\/addcube.art\/store\/index.php\/wp-json\/wp\/v2\/pages\/148"}],"collection":[{"href":"https:\/\/addcube.art\/store\/index.php\/wp-json\/wp\/v2\/pages"}],"about":[{"href":"https:\/\/addcube.art\/store\/index.php\/wp-json\/wp\/v2\/types\/page"}],"author":[{"embeddable":true,"href":"https:\/\/addcube.art\/store\/index.php\/wp-json\/wp\/v2\/users\/1"}],"replies":[{"embeddable":true,"href":"https:\/\/addcube.art\/store\/index.php\/wp-json\/wp\/v2\/comments?post=148"}],"version-history":[{"count":27,"href":"https:\/\/addcube.art\/store\/index.php\/wp-json\/wp\/v2\/pages\/148\/revisions"}],"predecessor-version":[{"id":451,"href":"https:\/\/addcube.art\/store\/index.php\/wp-json\/wp\/v2\/pages\/148\/revisions\/451"}],"wp:attachment":[{"href":"https:\/\/addcube.art\/store\/index.php\/wp-json\/wp\/v2\/media?parent=148"}],"curies":[{"name":"wp","href":"https:\/\/api.w.org\/{rel}","templated":true}]}}