{"id":247,"date":"2022-08-04T11:38:04","date_gmt":"2022-08-04T09:38:04","guid":{"rendered":"https:\/\/addcube.art\/store\/?page_id=247"},"modified":"2022-08-04T11:38:06","modified_gmt":"2022-08-04T09:38:06","slug":"pravidla","status":"publish","type":"page","link":"https:\/\/addcube.art\/store\/index.php\/pravidla\/","title":{"rendered":"PRAVIDLA"},"content":{"rendered":"<h1 class=\"wp-block-heading\">pro stavbu cubevel\u016f CESTA a P\u0158\u00cdTEL<\/h1><h2 class=\"wp-block-heading\"><strong>1. Z\u00e1kladn\u00ed princip<\/strong><\/h2><p>Cubevel CESTA je rozd\u011blen na 200 panel\u016f s&nbsp;kol\u00ed\u010dky (cca 1m x 0,5m) a \u010d\u00edsly, na kter\u00e9 se budou nasouvat kostky. Po\u0159adov\u00e9 \u010d\u00edsla kostek jsou p\u0159id\u011bleny podle po\u0159ad\u00ed do\u0161l\u00fdch objedn\u00e1vek, a to v&nbsp;r\u00e1mci jednoho panelu. \u010c\u00edsla podle voln\u00fdch pozic na panelu p\u0159id\u011bluje n\u00e1hodn\u00fd gener\u00e1tor. Na panelu je 722 kostek (38ks v&nbsp;\u0159\u00e1dku a 19ks ve sloupci).<\/p><p>Do cubevelu CESTA se kostky budou pr\u016fb\u011b\u017en\u011b dopl\u0148ovat na panel.<\/p><p>\u010c\u00edslov\u00e1n\u00ed na cubevelu CESTA za\u010d\u00edn\u00e1 v&nbsp;lev\u00e9m doln\u00edm rohu vzestupn\u011b zleva doprava, a na druh\u00e9m \u0159\u00e1dku opa\u010dn\u011b, to je zprava doleva, a na t\u0159et\u00edm op\u011bt zleva doprava a tak d\u00e1le (viz graf na <a href=\"https:\/\/poznejho.cz\/Cesta.html\">https:\/\/poznejho.cz\/Cesta.html<\/a> \u00fapln\u011b dole).<\/p><p>Vzhled cubevelu CESTA je dop\u0159edu zn\u00e1m\u00fd.<\/p><p>Cubevel P\u0158\u00cdTEL je tak\u00e9 rozd\u011blen na 200 panel\u016f stejn\u00fdch jako v&nbsp;cubevelu CESTA.<\/p><p>Do cubevelu P\u0158\u00cdTEL se kostky vlo\u017e\u00ed a\u017e budou v\u0161echny pozice p\u0159id\u011bleny. Pot\u00e9 se kostky vyp\u00e1l\u00ed, vlo\u017e\u00ed se do nich vyti\u0161t\u011bn\u00e9 p\u0159\u00e1n\u00ed, a nasunou se na kol\u00ed\u010dky panelu. Po\u0159adov\u00e9 \u010d\u00edsla tak\u00e9 p\u0159id\u011bluje n\u00e1hodn\u00fd gener\u00e1tor, proto budou v&nbsp;r\u00e1mci jedn\u00e9 objedn\u00e1vky fyzicky jinak um\u00edst\u011bn\u00e9 kostky na cubevelu CESTA a jinak na cubevelu P\u0158\u00cdTEL (budou m\u00edt jin\u00e9 po\u0159adov\u00e9 \u010d\u00edsla).<\/p><p>\u010c\u00edslov\u00e1n\u00ed na cubevelu P\u0158\u00cdTEL za\u010d\u00edn\u00e1 v&nbsp;prav\u00e9m doln\u00edm rohu vzestupn\u011b zprava do leva, a na druh\u00e9m \u0159\u00e1dku opa\u010dn\u011b, to je zleva do prava, a na t\u0159et\u00edm op\u011bt zprava do leva a tak d\u00e1le.<\/p><p>A\u017e do zapln\u011bn\u00ed v\u0161emi kostkami je na cubevelu P\u0158\u00cdTEL viditeln\u00e1 pouze strana se srd\u00ed\u010dky nebo jin\u00fdmi obrazci schv\u00e1len\u00fdmi provozovatelem.<\/p><p>Pro v\u00fdb\u011br panelu, kter\u00fd se bude v&nbsp;r\u00e1mci jedn\u00e9 aktu\u00e1ln\u00ed \u0159ady zapl\u0148ovat kostkami bude pou\u017eit tak\u00e9 n\u00e1hodn\u00fd gener\u00e1tor. Toto neplat\u00ed pro p\u0159edprodej kostek.<\/p><h2 class=\"wp-block-heading\"><strong>2. Up\u0159esn\u011bn\u00ed<\/strong><\/h2><p>Zakoupen\u00e9 kostky do cubevelu CESTA vlastn\u00ed objednatel, nebo d\u00e1rce. Jedna kostka znamen\u00e1 jeden hlas pro rozhodnut\u00ed, co bude s&nbsp;cubevelem po ukon\u010den\u00ed stavby.<\/p><p>Kostky do cubevelu P\u0158\u00cdTEL nelze koupit, je to BONUS.<\/p><p>Existuj\u00ed t\u0159i Bonusy:<\/p><ol type=\"1\"><li>Bonus \u010d.1 znamen\u00e1, \u017ee \u017ee stejn\u00fd po\u010det kostek, kter\u00fd jsi koupil do cubevelu CESTA, bude vlo\u017een do cubevelu P\u0158\u00cdTEL. Bonus \u010d.1 z\u00edsk\u00e1\u0161 p\u0159i zakoupen\u00ed jedn\u00e9 nebo v\u00edce kostek.<\/li><li>BONUS \u010d.2 je mo\u017enost ka\u017edou druhou kostku darovat. Tento bonus z\u00edsk\u00e1\u0161 p\u0159i zakoupen\u00ed min. dvou nebo v\u00edce kostek.<\/li><li>BONUS \u010d.3 je vlo\u017een\u00ed vyti\u0161t\u011bn\u00e9 tv\u00e9 pot\u0159eby nebo p\u0159\u00e1n\u00ed do ka\u017ed\u00e9 t\u0159et\u00ed kostky cubevelu P\u0158\u00cdTEL. Bonus \u010d.3 z\u00edsk\u00e1\u0161 p\u0159i zakoupen\u00ed min. t\u0159\u00ed nebo v\u00edce kostek.<\/li><\/ol><p>Registrovan\u00fd u\u017eivatel (objednatel) m\u00e1 tyto v\u00fdhody:<\/p><ul><li>m\u00e1 p\u0159\u00edstup k&nbsp;p\u0159ehledu, kde se nach\u00e1z\u00ed jeho kostky na panelu<\/li><li>z\u00edsk\u00e1 sou\u0159adnice v\u0161ech jeho kostek pro ur\u010den\u00ed pozice v&nbsp;r\u00e1mci cel\u00e9ho cubevelu<\/li><li>m\u016f\u017ee si vybrat obrazec srdce, kter\u00fd bude viditeln\u00fd na kostce cubevelu P\u0158\u00cdTEL<\/li><\/ul><p>Po zapln\u011bn\u00ed obou cubevel\u016f (to je po vlo\u017een\u00ed posledn\u00ed kostky) budou v\u0161echny kostky na cubevelu P\u0158\u00cdTEL oto\u010deny o 90\u00b0, a bude odhalen skute\u010dn\u00fd vzhled P\u0158\u00cdTELE.<\/p><p>Zv\u00fdhodn\u011bn\u00ed p\u0159edprodej kostek slou\u017e\u00ed pro napln\u011bn\u00ed prvn\u00ed \u0159ady panel\u016f, to je pro z\u00e1klad obou cubevel\u016f, a k&nbsp;tomu, aby byl dopln\u011bn internetov\u00fd port\u00e1l v\u0161emi pot\u0159ebn\u00fdmi funkcemi a jazykov\u00fdmi mutacemi, a byly p\u0159ipraveny stojany, panely, prostory, r\u00e1my a ostatn\u00ed v\u011bci k&nbsp;fyzick\u00e9 stavb\u011b.<\/p><h2 class=\"wp-block-heading\"><strong>3. Z\u00e1v\u011bre\u010dn\u00e1 ustanoven\u00ed<\/strong><\/h2><p>Provozovatel si vyhrazuje pr\u00e1vo na zm\u011bnu pravidel.<\/p><p>Tyto pravidla maj\u00ed p\u0159ednost p\u0159ed textem v&nbsp;obchodn\u00edch podm\u00ednk\u00e1ch.<\/p><p>Z\u00e1sadn\u00ed pravidlo, \u017ee kostky v&nbsp;cubevelu CESTA vlastn\u00ed objednatel, nebo d\u00e1rce nelze zm\u011bnit!<\/p><p>V&nbsp;\u010desk\u00e9m T\u011b\u0161\u00edn\u011b dne 14.8.2022<\/p>","protected":false},"excerpt":{"rendered":"<p>pro stavbu cubevel\u016f CESTA a P\u0158\u00cdTEL 1. Z\u00e1kladn\u00ed princip Cubevel CESTA je rozd\u011blen na 200 panel\u016f s&nbsp;kol\u00ed\u010dky (cca 1m x 0,5m) a \u010d\u00edsly, na kter\u00e9 se budou nasouvat kostky. Po\u0159adov\u00e9 \u010d\u00edsla kostek jsou p\u0159id\u011bleny podle po\u0159ad\u00ed do\u0161l\u00fdch objedn\u00e1vek, a to v&nbsp;r\u00e1mci jednoho panelu. \u010c\u00edsla podle voln\u00fdch pozic na panelu p\u0159id\u011bluje n\u00e1hodn\u00fd gener\u00e1tor. Na panelu je &hellip; <\/p>\n<p class=\"link-more\"><a href=\"https:\/\/addcube.art\/store\/index.php\/pravidla\/\" class=\"more-link\">Pokra\u010dovat ve \u010dten\u00ed<span class=\"screen-reader-text\"> &#8222;PRAVIDLA&#8220;<\/span><\/a><\/p>\n","protected":false},"author":1,"featured_media":0,"parent":0,"menu_order":0,"comment_status":"closed","ping_status":"closed","template":"","meta":{"footnotes":""},"_links":{"self":[{"href":"https:\/\/addcube.art\/store\/index.php\/wp-json\/wp\/v2\/pages\/247"}],"collection":[{"href":"https:\/\/addcube.art\/store\/index.php\/wp-json\/wp\/v2\/pages"}],"about":[{"href":"https:\/\/addcube.art\/store\/index.php\/wp-json\/wp\/v2\/types\/page"}],"author":[{"embeddable":true,"href":"https:\/\/addcube.art\/store\/index.php\/wp-json\/wp\/v2\/users\/1"}],"replies":[{"embeddable":true,"href":"https:\/\/addcube.art\/store\/index.php\/wp-json\/wp\/v2\/comments?post=247"}],"version-history":[{"count":1,"href":"https:\/\/addcube.art\/store\/index.php\/wp-json\/wp\/v2\/pages\/247\/revisions"}],"predecessor-version":[{"id":248,"href":"https:\/\/addcube.art\/store\/index.php\/wp-json\/wp\/v2\/pages\/247\/revisions\/248"}],"wp:attachment":[{"href":"https:\/\/addcube.art\/store\/index.php\/wp-json\/wp\/v2\/media?parent=247"}],"curies":[{"name":"wp","href":"https:\/\/api.w.org\/{rel}","templated":true}]}}