{"id":9,"date":"2021-10-19T11:08:42","date_gmt":"2021-10-19T09:08:42","guid":{"rendered":"https:\/\/addcube.art\/store\/index.php\/muj-ucet\/"},"modified":"2022-09-07T15:53:50","modified_gmt":"2022-09-07T13:53:50","slug":"muj-ucet","status":"publish","type":"page","link":"https:\/\/addcube.art\/store\/index.php\/muj-ucet\/","title":{"rendered":"M\u016fj \u00fa\u010det"},"content":{"rendered":"<p>Hlavn\u00ed v\u00fdhody registrace: <strong>hlasovac\u00ed pr\u00e1vo<\/strong>, <strong>um\u00edst\u011bn\u00ed (sou\u0159adnice) kostek v cubevelech, p\u0159ehled objedn\u00e1vek a dal\u0161\u00ed &#8230;<\/strong><\/p><div class=\"woocommerce\"><\/div><p><\/p>","protected":false},"excerpt":{"rendered":"<p>Hlavn\u00ed v\u00fdhody registrace: hlasovac\u00ed pr\u00e1vo, um\u00edst\u011bn\u00ed (sou\u0159adnice) kostek v cubevelech, p\u0159ehled objedn\u00e1vek a dal\u0161\u00ed &#8230;<\/p>\n","protected":false},"author":1,"featured_media":0,"parent":0,"menu_order":0,"comment_status":"closed","ping_status":"closed","template":"","meta":{"footnotes":""},"_links":{"self":[{"href":"https:\/\/addcube.art\/store\/index.php\/wp-json\/wp\/v2\/pages\/9"}],"collection":[{"href":"https:\/\/addcube.art\/store\/index.php\/wp-json\/wp\/v2\/pages"}],"about":[{"href":"https:\/\/addcube.art\/store\/index.php\/wp-json\/wp\/v2\/types\/page"}],"author":[{"embeddable":true,"href":"https:\/\/addcube.art\/store\/index.php\/wp-json\/wp\/v2\/users\/1"}],"replies":[{"embeddable":true,"href":"https:\/\/addcube.art\/store\/index.php\/wp-json\/wp\/v2\/comments?post=9"}],"version-history":[{"count":7,"href":"https:\/\/addcube.art\/store\/index.php\/wp-json\/wp\/v2\/pages\/9\/revisions"}],"predecessor-version":[{"id":465,"href":"https:\/\/addcube.art\/store\/index.php\/wp-json\/wp\/v2\/pages\/9\/revisions\/465"}],"wp:attachment":[{"href":"https:\/\/addcube.art\/store\/index.php\/wp-json\/wp\/v2\/media?parent=9"}],"curies":[{"name":"wp","href":"https:\/\/api.w.org\/{rel}","templated":true}]}}