{"id":15,"date":"2021-10-20T15:05:45","date_gmt":"2021-10-20T13:05:45","guid":{"rendered":"https:\/\/addcube.art\/store\/?post_type=product&#038;p=15"},"modified":"2024-07-11T21:06:27","modified_gmt":"2024-07-11T19:06:27","slug":"1-kostka","status":"publish","type":"product","link":"https:\/\/addcube.art\/store\/index.php\/produkt\/1-kostka\/","title":{"rendered":"1 kostka"},"content":{"rendered":"<p>P\u0159i koupi jedn\u00e9 kostky obdr\u017e\u00ed\u0161 BONUS \u010d.1. (Bonus \u010d.1 znamen\u00e1, \u017ee dal\u0161\u00ed jedna kostka bude vlo\u017eena do cubevelu P\u0158\u00cdTEL).<\/p>\n","protected":false},"excerpt":{"rendered":"<p>Jedna kostka bude vlo\u017eena do cubevelu CESTA s po\u0159adov\u00fdm \u010d\u00edslem podle p\u0159ijat\u00fdch objedn\u00e1vek + BONUS \u010d.1<\/p>\n","protected":false},"featured_media":25,"template":"","meta":[],"product_cat":[15],"product_tag":[],"_links":{"self":[{"href":"https:\/\/addcube.art\/store\/index.php\/wp-json\/wp\/v2\/product\/15"}],"collection":[{"href":"https:\/\/addcube.art\/store\/index.php\/wp-json\/wp\/v2\/product"}],"about":[{"href":"https:\/\/addcube.art\/store\/index.php\/wp-json\/wp\/v2\/types\/product"}],"wp:featuredmedia":[{"embeddable":true,"href":"https:\/\/addcube.art\/store\/index.php\/wp-json\/wp\/v2\/media\/25"}],"wp:attachment":[{"href":"https:\/\/addcube.art\/store\/index.php\/wp-json\/wp\/v2\/media?parent=15"}],"wp:term":[{"taxonomy":"product_cat","embeddable":true,"href":"https:\/\/addcube.art\/store\/index.php\/wp-json\/wp\/v2\/product_cat?post=15"},{"taxonomy":"product_tag","embeddable":true,"href":"https:\/\/addcube.art\/store\/index.php\/wp-json\/wp\/v2\/product_tag?post=15"}],"curies":[{"name":"wp","href":"https:\/\/api.w.org\/{rel}","templated":true}]}}