{"id":19,"date":"2021-10-20T15:11:20","date_gmt":"2021-10-20T13:11:20","guid":{"rendered":"https:\/\/addcube.art\/store\/?post_type=product&#038;p=19"},"modified":"2022-10-03T18:51:14","modified_gmt":"2022-10-03T16:51:14","slug":"3-kostky","status":"publish","type":"product","link":"https:\/\/addcube.art\/store\/index.php\/produkt\/3-kostky\/","title":{"rendered":"3 kostky"},"content":{"rendered":"<p>P\u0159i koupi t\u0159\u00ed kostek obdr\u017e\u00ed\u0161 BONUS \u010d.1 + BONUS \u010d.2 + BONUS \u010d.3\u00a0 (Bonus \u010d.1 znamen\u00e1, \u017ee dal\u0161\u00ed t\u0159i kostky\u00a0 budou vlo\u017eeny do cubevelu P\u0158\u00cdTEL. BONUS \u010d.2 je mo\u017enost druhou kostku darovat &#8211; vlastn\u00edkem se tedy stane n\u011bkdo jin\u00fd. BONUS \u010d.3 je vlo\u017een\u00ed\u00a0 vyti\u0161t\u011bn\u00e9 tv\u00e9 pot\u0159eby nebo p\u0159\u00e1n\u00ed do t\u0159et\u00ed kostky cubevelu P\u0158\u00cdTEL)<\/p>\n","protected":false},"excerpt":{"rendered":"<p>T\u0159i kostky budou vlo\u017eeny do cubevelu CESTA s po\u0159adov\u00fdm \u010d\u00edsly podle p\u0159ijat\u00fdch objedn\u00e1vek + BONUS \u010d.1+BONUS \u010d.2+BONUS \u010d.3<\/p>\n","protected":false},"featured_media":27,"template":"","meta":[],"product_cat":[15],"product_tag":[],"_links":{"self":[{"href":"https:\/\/addcube.art\/store\/index.php\/wp-json\/wp\/v2\/product\/19"}],"collection":[{"href":"https:\/\/addcube.art\/store\/index.php\/wp-json\/wp\/v2\/product"}],"about":[{"href":"https:\/\/addcube.art\/store\/index.php\/wp-json\/wp\/v2\/types\/product"}],"wp:featuredmedia":[{"embeddable":true,"href":"https:\/\/addcube.art\/store\/index.php\/wp-json\/wp\/v2\/media\/27"}],"wp:attachment":[{"href":"https:\/\/addcube.art\/store\/index.php\/wp-json\/wp\/v2\/media?parent=19"}],"wp:term":[{"taxonomy":"product_cat","embeddable":true,"href":"https:\/\/addcube.art\/store\/index.php\/wp-json\/wp\/v2\/product_cat?post=19"},{"taxonomy":"product_tag","embeddable":true,"href":"https:\/\/addcube.art\/store\/index.php\/wp-json\/wp\/v2\/product_tag?post=19"}],"curies":[{"name":"wp","href":"https:\/\/api.w.org\/{rel}","templated":true}]}}