{"id":297,"date":"2022-08-12T08:33:13","date_gmt":"2022-08-12T06:33:13","guid":{"rendered":"https:\/\/addcube.art\/store\/?post_type=product&#038;p=297"},"modified":"2022-09-06T10:10:29","modified_gmt":"2022-09-06T08:10:29","slug":"pole-s-koliky","status":"publish","type":"product","link":"https:\/\/addcube.art\/store\/index.php\/produkt\/pole-s-koliky\/","title":{"rendered":"Finan\u010dn\u00ed dar na pole s kol\u00edky"},"content":{"rendered":"<p>Pole o rozm\u011brech 0,5m x 1m, kter\u00e9 m\u00e1 p\u0159ipevn\u011bno 722ks kol\u00edk\u016f pro nasazen\u00ed kostek<\/p>\n","protected":false},"excerpt":{"rendered":"<p>Kompletn\u00ed pole s kol\u00edky<\/p>\n","protected":false},"featured_media":404,"template":"","meta":[],"product_cat":[20],"product_tag":[],"_links":{"self":[{"href":"https:\/\/addcube.art\/store\/index.php\/wp-json\/wp\/v2\/product\/297"}],"collection":[{"href":"https:\/\/addcube.art\/store\/index.php\/wp-json\/wp\/v2\/product"}],"about":[{"href":"https:\/\/addcube.art\/store\/index.php\/wp-json\/wp\/v2\/types\/product"}],"wp:featuredmedia":[{"embeddable":true,"href":"https:\/\/addcube.art\/store\/index.php\/wp-json\/wp\/v2\/media\/404"}],"wp:attachment":[{"href":"https:\/\/addcube.art\/store\/index.php\/wp-json\/wp\/v2\/media?parent=297"}],"wp:term":[{"taxonomy":"product_cat","embeddable":true,"href":"https:\/\/addcube.art\/store\/index.php\/wp-json\/wp\/v2\/product_cat?post=297"},{"taxonomy":"product_tag","embeddable":true,"href":"https:\/\/addcube.art\/store\/index.php\/wp-json\/wp\/v2\/product_tag?post=297"}],"curies":[{"name":"wp","href":"https:\/\/api.w.org\/{rel}","templated":true}]}}