{"id":306,"date":"2022-08-12T09:56:23","date_gmt":"2022-08-12T07:56:23","guid":{"rendered":"https:\/\/addcube.art\/store\/?post_type=product&#038;p=306"},"modified":"2022-09-06T10:11:13","modified_gmt":"2022-09-06T08:11:13","slug":"kostky","status":"publish","type":"product","link":"https:\/\/addcube.art\/store\/index.php\/produkt\/kostky\/","title":{"rendered":"Finan\u010dn\u00ed dar na kostky"},"content":{"rendered":"<p>100ks p\u0159ipraven\u00fdch (ozna\u010den\u00fdch a kalibrovan\u00fdch) kostek s otvory<\/p>\n","protected":false},"excerpt":{"rendered":"<p>sada 100ks d\u0159ev\u011bn\u00fdch kostek<\/p>\n","protected":false},"featured_media":398,"template":"","meta":[],"product_cat":[20],"product_tag":[],"_links":{"self":[{"href":"https:\/\/addcube.art\/store\/index.php\/wp-json\/wp\/v2\/product\/306"}],"collection":[{"href":"https:\/\/addcube.art\/store\/index.php\/wp-json\/wp\/v2\/product"}],"about":[{"href":"https:\/\/addcube.art\/store\/index.php\/wp-json\/wp\/v2\/types\/product"}],"wp:featuredmedia":[{"embeddable":true,"href":"https:\/\/addcube.art\/store\/index.php\/wp-json\/wp\/v2\/media\/398"}],"wp:attachment":[{"href":"https:\/\/addcube.art\/store\/index.php\/wp-json\/wp\/v2\/media?parent=306"}],"wp:term":[{"taxonomy":"product_cat","embeddable":true,"href":"https:\/\/addcube.art\/store\/index.php\/wp-json\/wp\/v2\/product_cat?post=306"},{"taxonomy":"product_tag","embeddable":true,"href":"https:\/\/addcube.art\/store\/index.php\/wp-json\/wp\/v2\/product_tag?post=306"}],"curies":[{"name":"wp","href":"https:\/\/api.w.org\/{rel}","templated":true}]}}