{"id":32,"date":"2022-04-14T12:45:56","date_gmt":"2022-04-14T10:45:56","guid":{"rendered":"https:\/\/addcube.art\/store\/?post_type=product&#038;p=32"},"modified":"2022-09-12T09:54:36","modified_gmt":"2022-09-12T07:54:36","slug":"vice-kostek-na-1-objednavku-max-3","status":"publish","type":"product","link":"https:\/\/addcube.art\/store\/index.php\/produkt\/vice-kostek-na-1-objednavku-max-3\/","title":{"rendered":"V\u00edce kostek (najednou max.33)"},"content":{"rendered":"<p>P\u0159i koupi 4 a\u017e 33-t\u0159\u00ed kostek obdr\u017e\u00ed\u0161 BONUS \u010d.1 + BONUS \u010d.2 + BONUS \u010d.3\u00a0 (Bonus \u010d.1 znamen\u00e1, \u017ee \u017ee stejn\u00fd po\u010det kostek, kter\u00fd jsi koupil do cubevelu CESTA, bude\u00a0 vlo\u017een do cubevelu P\u0158\u00cdTEL. BONUS \u010d.2 je mo\u017enost ka\u017edou druhou kostku darovat a BONUS \u010d.3 je vlo\u017een\u00ed\u00a0 vyti\u0161t\u011bn\u00e9 tv\u00e9 pot\u0159eby nebo p\u0159\u00e1n\u00ed do ka\u017ed\u00e9 t\u0159et\u00ed kostky cubevelu P\u0158\u00cdTEL)<\/p>\n","protected":false},"excerpt":{"rendered":"<p>Minimum jsou 4 kostky. Maxim\u00e1ln\u011b lze objednat 33 kostek.<\/p>\n","protected":false},"featured_media":29,"template":"","meta":[],"product_cat":[15],"product_tag":[],"_links":{"self":[{"href":"https:\/\/addcube.art\/store\/index.php\/wp-json\/wp\/v2\/product\/32"}],"collection":[{"href":"https:\/\/addcube.art\/store\/index.php\/wp-json\/wp\/v2\/product"}],"about":[{"href":"https:\/\/addcube.art\/store\/index.php\/wp-json\/wp\/v2\/types\/product"}],"wp:featuredmedia":[{"embeddable":true,"href":"https:\/\/addcube.art\/store\/index.php\/wp-json\/wp\/v2\/media\/29"}],"wp:attachment":[{"href":"https:\/\/addcube.art\/store\/index.php\/wp-json\/wp\/v2\/media?parent=32"}],"wp:term":[{"taxonomy":"product_cat","embeddable":true,"href":"https:\/\/addcube.art\/store\/index.php\/wp-json\/wp\/v2\/product_cat?post=32"},{"taxonomy":"product_tag","embeddable":true,"href":"https:\/\/addcube.art\/store\/index.php\/wp-json\/wp\/v2\/product_tag?post=32"}],"curies":[{"name":"wp","href":"https:\/\/api.w.org\/{rel}","templated":true}]}}