{"id":415,"date":"2022-08-26T15:01:20","date_gmt":"2022-08-26T13:01:20","guid":{"rendered":"https:\/\/addcube.art\/store\/?post_type=product&#038;p=415"},"modified":"2022-09-06T10:11:42","modified_gmt":"2022-09-06T08:11:42","slug":"financni-dar-na-ramy-a-tramky","status":"publish","type":"product","link":"https:\/\/addcube.art\/store\/index.php\/produkt\/financni-dar-na-ramy-a-tramky\/","title":{"rendered":"Finan\u010dn\u00ed dar na r\u00e1my a tr\u00e1mky"},"content":{"rendered":"<p>D\u0159ev\u011bn\u00fd r\u00e1m o rozm\u011brech 1 x 2m v\u010detn\u011b nosn\u00fdch tr\u00e1mk\u016f<\/p>\n","protected":false},"excerpt":{"rendered":"<p>R\u00e1m pro 4 pole s kol\u00edky<\/p>\n","protected":false},"featured_media":416,"template":"","meta":[],"product_cat":[20],"product_tag":[],"_links":{"self":[{"href":"https:\/\/addcube.art\/store\/index.php\/wp-json\/wp\/v2\/product\/415"}],"collection":[{"href":"https:\/\/addcube.art\/store\/index.php\/wp-json\/wp\/v2\/product"}],"about":[{"href":"https:\/\/addcube.art\/store\/index.php\/wp-json\/wp\/v2\/types\/product"}],"wp:featuredmedia":[{"embeddable":true,"href":"https:\/\/addcube.art\/store\/index.php\/wp-json\/wp\/v2\/media\/416"}],"wp:attachment":[{"href":"https:\/\/addcube.art\/store\/index.php\/wp-json\/wp\/v2\/media?parent=415"}],"wp:term":[{"taxonomy":"product_cat","embeddable":true,"href":"https:\/\/addcube.art\/store\/index.php\/wp-json\/wp\/v2\/product_cat?post=415"},{"taxonomy":"product_tag","embeddable":true,"href":"https:\/\/addcube.art\/store\/index.php\/wp-json\/wp\/v2\/product_tag?post=415"}],"curies":[{"name":"wp","href":"https:\/\/api.w.org\/{rel}","templated":true}]}}