{"id":667,"date":"2022-10-19T16:06:38","date_gmt":"2022-10-19T14:06:38","guid":{"rendered":"https:\/\/addcube.art\/store\/?post_type=product&#038;p=667"},"modified":"2024-07-11T21:04:22","modified_gmt":"2024-07-11T19:04:22","slug":"vypaleni-obrazku-vice-srdci","status":"publish","type":"product","link":"https:\/\/addcube.art\/store\/index.php\/produkt\/vypaleni-obrazku-vice-srdci\/","title":{"rendered":"Vyp\u00e1len\u00ed obr\u00e1zk\u016f ( v\u00edce srdc\u00ed)"},"content":{"rendered":"<p>Srdce budou vid\u011bt po dobu stavby cubevelu P\u0159\u00edtel. Po vlo\u017een\u00ed posledn\u00ed kostky bude ozn\u00e1men term\u00edn, kdy se v\u0161echny kostky oto\u010d\u00ed, a bude odhalen vzhled cubevelu P\u0159\u00edtel.<\/p>\n","protected":false},"excerpt":{"rendered":"<p>Na pohledov\u00e9 strany dvou kostek cubevelu P\u0158\u00cdTEL budou vyp\u00e1len\u00e1 srdce podle va\u0161eho v\u00fdb\u011bru.<\/p>\n","protected":false},"featured_media":509,"template":"","meta":[],"product_cat":[21],"product_tag":[],"_links":{"self":[{"href":"https:\/\/addcube.art\/store\/index.php\/wp-json\/wp\/v2\/product\/667"}],"collection":[{"href":"https:\/\/addcube.art\/store\/index.php\/wp-json\/wp\/v2\/product"}],"about":[{"href":"https:\/\/addcube.art\/store\/index.php\/wp-json\/wp\/v2\/types\/product"}],"wp:featuredmedia":[{"embeddable":true,"href":"https:\/\/addcube.art\/store\/index.php\/wp-json\/wp\/v2\/media\/509"}],"wp:attachment":[{"href":"https:\/\/addcube.art\/store\/index.php\/wp-json\/wp\/v2\/media?parent=667"}],"wp:term":[{"taxonomy":"product_cat","embeddable":true,"href":"https:\/\/addcube.art\/store\/index.php\/wp-json\/wp\/v2\/product_cat?post=667"},{"taxonomy":"product_tag","embeddable":true,"href":"https:\/\/addcube.art\/store\/index.php\/wp-json\/wp\/v2\/product_tag?post=667"}],"curies":[{"name":"wp","href":"https:\/\/api.w.org\/{rel}","templated":true}]}}